{"id":10265,"date":"2023-11-22T15:20:00","date_gmt":"2023-11-22T08:20:00","guid":{"rendered":"https:\/\/hiboostnutrition.com\/?page_id=10265"},"modified":"2023-11-22T15:22:12","modified_gmt":"2023-11-22T08:22:12","slug":"chinh-sach-doi-tra","status":"publish","type":"page","link":"https:\/\/hiboostnutrition.com\/en\/chinh-sach-doi-tra\/","title":{"rendered":"Ch\u00ednh S\u00e1ch \u0110\u1ed5i Tr\u1ea3"},"content":{"rendered":"<h1 class=\"wp-block-heading\">Ch\u00ednh S\u00e1ch \u0110\u1ed5i Tr\u1ea3 v\u00e0 Thanh L\u00fd H\u00e0ng H\u00f3a t\u1ea1i HiBoost<\/h1><p>T\u1ea1i <strong>HiBoost<\/strong>, ch\u00fang t\u00f4i lu\u00f4n \u0111\u1eb7t l\u1ee3i \u00edch c\u1ee7a kh\u00e1ch h\u00e0ng l\u00ean h\u00e0ng \u0111\u1ea7u. D\u01b0\u1edbi \u0111\u00e2y l\u00e0 quy \u0111\u1ecbnh v\u1ec1 \u0111\u1ed5i tr\u1ea3 v\u00e0 thanh l\u00fd h\u00e0ng h\u00f3a:<\/p><h2 class=\"wp-block-heading\">\u0110\u1ed5i Tr\u1ea3 H\u00e0ng<\/h2><p>Ch\u00fang t\u00f4i ch\u1ea5p nh\u1eadn \u0111\u1ed5i v\u00e0 tr\u1ea3 h\u00e0ng trong tr\u01b0\u1eddng h\u1ee3p sau \u0111\u00e2y:<\/p><ol class=\"wp-block-list\"><li>H\u00e0ng h\u00f3a ch\u01b0a \u0111\u01b0\u1ee3c b\u00f3c tem, nguy\u00ean v\u1eb9n, kh\u00f4ng b\u1ecb x\u01b0\u1edbc x\u00e1t ho\u1eb7c m\u00e9o m\u00f3p.<\/li>\n\n<li>Th\u1eddi gian \u0111\u1ed5i tr\u1ea3 l\u00e0 30 ng\u00e0y k\u1ec3 t\u1eeb ng\u00e0y mua. Qu\u00e1 th\u1eddi gian n\u00e0y, ch\u00fang t\u00f4i kh\u00f4ng ch\u1ea5p nh\u1eadn \u0111\u1ed5i tr\u1ea3.<\/li>\n\n<li>Kh\u00e1ch h\u00e0ng c\u1ea7n cung c\u1ea5p h\u00f3a \u0111\u01a1n b\u00e1n h\u00e0ng khi \u0111\u1ed5i ho\u1eb7c tr\u1ea3. Trong tr\u01b0\u1eddng h\u1ee3p kh\u00f4ng l\u1ea5y h\u00f3a \u0111\u01a1n khi mua h\u00e0ng, ch\u00fang t\u00f4i s\u1ebd t\u1eeb ch\u1ed1i y\u00eau c\u1ea7u \u0111\u1ed5i tr\u1ea3.<\/li><\/ol><h2 class=\"wp-block-heading\">\u0110i\u1ec1u Ki\u1ec7n Thanh L\u00fd H\u00e0ng<\/h2><p>N\u1ebfu kh\u00e1ch h\u00e0ng \u0111ang s\u1eed d\u1ee5ng s\u1ea3n ph\u1ea9m c\u1ee7a ch\u00fang t\u00f4i v\u00e0 mu\u1ed1n thanh l\u00fd v\u00ec l\u00fd do n\u00e0o \u0111\u00f3, ch\u00fang t\u00f4i s\u1ebd h\u1ed7 tr\u1ee3 th\u00f4ng qua fanpage c\u1ee7a m\u00ecnh. \u0110\u1ec3 \u0111\u01b0\u1ee3c thanh l\u00fd, h\u00e0ng h\u00f3a ph\u1ea3i \u0111\u00fang theo s\u1ea3n ph\u1ea9m c\u1ee7a HiBoost, \u0111i k\u00e8m h\u00f3a \u0111\u01a1n v\u00e0 tem \u0111\u1ea3m b\u1ea3o c\u1ee7a ch\u00fang t\u00f4i.<\/p><h2 class=\"wp-block-heading\">Tr\u01b0\u1eddng H\u1ee3p Kh\u00f4ng \u0110\u01b0\u1ee3c \u0110\u1ed5i Tr\u1ea3 H\u00e0ng t\u1ea1i HiBoost<\/h2><ol class=\"wp-block-list\"><li><strong>Kh\u00e1ch h\u00e0ng mua s\u1ea3n ph\u1ea9m t\u1eeb b\u00ean kh\u00e1c.<\/strong><\/li>\n\n<li><strong>Kh\u00e1ch h\u00e0ng \u0111\u00e3 b\u00f3c tem ho\u1eb7c c\u00e0o (k\u1ec3 c\u1ea3 ch\u01b0a nh\u1eafn tin ki\u1ec3m tra).<\/strong><\/li>\n\n<li><strong>Kh\u00f4ng \u0111\u01b0\u1ee3c \u0111\u1ed5i sang nh\u1eefng s\u1ea3n ph\u1ea9m c\u00f3 gi\u00e1 tr\u1ecb th\u1ea5p h\u01a1n s\u1ea3n ph\u1ea9m \u0111\u00e3 mua. Ch\u1ec9 \u0111\u01b0\u1ee3c \u0111\u1ed5i ho\u1eb7c tr\u1ea3 sang nh\u1eefng s\u1ea3n ph\u1ea9m c\u00f3 gi\u00e1 tr\u1ecb t\u01b0\u01a1ng \u0111\u01b0\u01a1ng ho\u1eb7c cao h\u01a1n.<\/strong><\/li>\n\n<li><strong>Kh\u00e1ch \u0111i t\u1ec9nh v\u1eabn \u0111\u01b0\u1ee3c \u0111\u1ed5i tr\u1ea3 b\u00ecnh th\u01b0\u1eddng, nh\u01b0ng kh\u00e1ch h\u00e0ng s\u1ebd ch\u1ecbu ph\u00ed v\u1eadn chuy\u1ec3n khi chuy\u1ec3n v\u1ec1 c\u1eeda h\u00e0ng.<\/strong><\/li><\/ol><p>Ch\u00fang t\u00f4i cam k\u1ebft \u0111\u1ea3m b\u1ea3o quy\u1ec1n l\u1ee3i v\u00e0 s\u1ef1 h\u00e0i l\u00f2ng c\u1ee7a kh\u00e1ch h\u00e0ng t\u1ea1i HiBoost. M\u1ecdi th\u1eafc m\u1eafc v\u00e0 y\u00eau c\u1ea7u \u0111\u1ed5i tr\u1ea3 vui l\u00f2ng li\u00ean h\u1ec7 v\u1edbi ch\u00fang t\u00f4i qua fanpage ho\u1eb7c s\u1ed1 \u0111i\u1ec7n tho\u1ea1i \u0111\u1ec3 \u0111\u01b0\u1ee3c h\u1ed7 tr\u1ee3. C\u1ea3m \u01a1n s\u1ef1 tin t\u01b0\u1edfng v\u00e0 \u1ee7ng h\u1ed9 c\u1ee7a qu\u00fd kh\u00e1ch h\u00e0ng!<\/p>","protected":false},"excerpt":{"rendered":"<p>Ch\u00ednh S\u00e1ch \u0110\u1ed5i Tr\u1ea3 v\u00e0 Thanh L\u00fd H\u00e0ng H\u00f3a t\u1ea1i HiBoost T\u1ea1i HiBoost, ch\u00fang t\u00f4i lu\u00f4n \u0111\u1eb7t l\u1ee3i \u00edch c\u1ee7a<\/p>","protected":false},"author":1,"featured_media":0,"parent":0,"menu_order":0,"comment_status":"closed","ping_status":"closed","template":"","meta":{"_acf_changed":false,"_monsterinsights_skip_tracking":false,"_monsterinsights_sitenote_active":false,"_monsterinsights_sitenote_note":"","_monsterinsights_sitenote_category":0,"footnotes":""},"class_list":["post-10265","page","type-page","status-publish","hentry"],"featured_image_src":null,"acf":[],"jetpack_sharing_enabled":true,"_links":{"self":[{"href":"https:\/\/hiboostnutrition.com\/en\/wp-json\/wp\/v2\/pages\/10265"}],"collection":[{"href":"https:\/\/hiboostnutrition.com\/en\/wp-json\/wp\/v2\/pages"}],"about":[{"href":"https:\/\/hiboostnutrition.com\/en\/wp-json\/wp\/v2\/types\/page"}],"author":[{"embeddable":true,"href":"https:\/\/hiboostnutrition.com\/en\/wp-json\/wp\/v2\/users\/1"}],"replies":[{"embeddable":true,"href":"https:\/\/hiboostnutrition.com\/en\/wp-json\/wp\/v2\/comments?post=10265"}],"version-history":[{"count":1,"href":"https:\/\/hiboostnutrition.com\/en\/wp-json\/wp\/v2\/pages\/10265\/revisions"}],"predecessor-version":[{"id":10267,"href":"https:\/\/hiboostnutrition.com\/en\/wp-json\/wp\/v2\/pages\/10265\/revisions\/10267"}],"wp:attachment":[{"href":"https:\/\/hiboostnutrition.com\/en\/wp-json\/wp\/v2\/media?parent=10265"}],"curies":[{"name":"wp","href":"https:\/\/api.w.org\/{rel}","templated":true}]}}